{"id":513,"date":"2019-05-16T07:14:24","date_gmt":"2019-05-16T07:14:24","guid":{"rendered":"http:\/\/test.wizlink.eu\/membership-join\/"},"modified":"2025-01-09T11:38:38","modified_gmt":"2025-01-09T10:38:38","slug":"membership-join","status":"publish","type":"page","link":"https:\/\/robot.wizlink.eu\/en\/membership-join\/","title":{"rendered":"Join Us"},"content":{"rendered":"\n<p class=\"has-text-align-center has-medium-font-size\"><strong>W celu usprawnienia procesu rejestracji, prosimy o podawanie jednoznacznych danych, w tym imienia, nazwiska i <span style=\"color: #cf2e2e;\" class=\"stk-highlight\">s\u0142u\u017cbowego adresu email. <\/span><\/strong><\/p>\n\n\n\n<p class=\"has-text-align-center has-medium-font-size\"><strong>Pozwoli to nam na sprawniejsz\u0105 weryfikacj\u0119 nowych u\u017cytkownik\u00f3w.<\/strong><\/p>\n\n\n<div class=\"swpm-registration-widget-form\">\n    <form id=\"swpm-registration-form\" class=\"swpm-validate-form\" name=\"swpm-registration-form\" method=\"post\" action=\"\">\n        <input type =\"hidden\" name=\"level_identifier\" value=\"eccbc87e4b5ce2fe28308fd9f2a7baf3\" \/>\n        <table>\n            <tr class=\"swpm-registration-username-row\" >\n                <td><label for=\"user_name\">Username<\/label><\/td>\n                <td><input type=\"text\" id=\"user_name\" class=\"validate[required,custom[noapostrophe],custom[SWPMUserName],minSize[4],ajax[ajaxUserCall]]\" value=\"\" size=\"50\" name=\"user_name\" \/><\/td>\n            <\/tr>\n            <tr class=\"swpm-registration-email-row\">\n                <td><label for=\"email\">Email<\/label><\/td>\n                <td><input type=\"text\" autocomplete=\"off\" id=\"email\" class=\"validate[required,custom[email],ajax[ajaxEmailCall]]\" value=\"\" size=\"50\" name=\"email\" \/><\/td>\n            <\/tr>\n            <tr class=\"swpm-registration-password-row\">\n                <td><label for=\"password\">Password<\/label><\/td>\n                <td><input type=\"password\" autocomplete=\"off\" id=\"password\" class=\"validate[required,custom[strongPass],minSize[8]]\" value=\"\" size=\"50\" name=\"password\" \/><\/td>\n            <\/tr>\n            <tr class=\"swpm-registration-password-retype-row\">\n                <td><label for=\"password_re\">Repeat Password<\/label><\/td>\n                <td><input type=\"password\" autocomplete=\"off\" id=\"password_re\" value=\"\" size=\"50\" name=\"password_re\" \/><\/td>\n            <\/tr>\n            <tr class=\"swpm-registration-firstname-row\" >\n                <td><label for=\"first_name\">First Name<\/label><\/td>\n                <td><input type=\"text\" id=\"first_name\" value=\"\" size=\"50\" name=\"first_name\" \/><\/td>\n            <\/tr>\n            <tr class=\"swpm-registration-lastname-row\" >\n                <td><label for=\"last_name\">Last Name<\/label><\/td>\n                <td><input type=\"text\" id=\"last_name\" value=\"\" size=\"50\" name=\"last_name\" \/><\/td>\n            <\/tr>\n            <tr class=\"swpm-registration-membership-level-row\" >\n                <td><label for=\"membership_level\">Membership Level<\/label><\/td>\n                <td>\n                    My Wizlink Subscriber<input type=\"hidden\" value=\"3\" size=\"50\" name=\"swpm_membership_level\" id=\"membership_level\" \/><input type=\"hidden\" name=\"swpm_level_hash\" value=\"e1077a1508e4a1f1d59190599a890d6f\" \/>                <\/td>\n            <\/tr>\n                            <tr>\n                    <td colspan=\"2\" style=\"text-align: center;\">\n                        <label><input type=\"checkbox\" id=\"swpm-accept-pp\" name=\"accept_pp\" class=\"validate[required]\" value=\"1\"> I agree to the  <a href=\"https:\/\/wizlink.eu\/polityka-prywatnosci\/\" target=\"_blank\">Privacy Policy<\/a><\/label>\n                    <\/td>\n                <\/tr>\n                        <\/table>\n\n        <div class=\"swpm-before-registration-submit-section\" align=\"center\"><\/div>\n\n        <div class=\"swpm-registration-submit-section\" align=\"center\">\n            <input type=\"submit\" value=\"Register\" class=\"swpm-registration-submit\" name=\"swpm_registration_submit\" \/>\n        <\/div>\n\n        <input type=\"hidden\" name=\"action\" value=\"custom_posts\" \/>\n\n    <\/form>\n<\/div>\n\n\n\n<div style=\"height:40px\" aria-hidden=\"true\" class=\"wp-block-spacer\"><\/div>\n\n\n\n<p class=\"has-text-align-center\">By registering, your email address will be added to our newsletter, which provides useful information about the Wizlink\u00ae platform, among which are news, training materials and information on industry events.<\/p>\n\n\n\n<p><\/p>\n","protected":false},"excerpt":{"rendered":"<p>W celu usprawnienia procesu rejestracji, prosimy o podawanie jednoznacznych danych, w tym imienia, nazwiska i s\u0142u\u017cbowego adresu email. Pozwoli to nam na sprawniejsz\u0105 weryfikacj\u0119 nowych u\u017cytkownik\u00f3w. By registering, your email address will be added to our newsletter, which provides useful information about the Wizlink\u00ae platform, among which are news, training materials and information on industry [&hellip;]<\/p>\n","protected":false},"author":2,"featured_media":0,"parent":0,"menu_order":0,"comment_status":"closed","ping_status":"closed","template":"","meta":{"_bbp_topic_count":0,"_bbp_reply_count":0,"_bbp_total_topic_count":0,"_bbp_total_reply_count":0,"_bbp_voice_count":0,"_bbp_anonymous_reply_count":0,"_bbp_topic_count_hidden":0,"_bbp_reply_count_hidden":0,"_bbp_forum_subforum_count":0,"footnotes":""},"class_list":["post-513","page","type-page","status-publish","hentry","entry"],"yoast_head":"<!-- This site is optimized with the Yoast SEO plugin v24.1 - https:\/\/yoast.com\/wordpress\/plugins\/seo\/ -->\n<title>Join Us - Wizlink<\/title>\n<meta name=\"robots\" content=\"index, follow, max-snippet:-1, max-image-preview:large, max-video-preview:-1\" \/>\n<link rel=\"canonical\" href=\"https:\/\/robot.wizlink.eu\/en\/membership-join\/\" \/>\n<meta property=\"og:locale\" content=\"en_US\" \/>\n<meta property=\"og:type\" content=\"article\" \/>\n<meta property=\"og:title\" content=\"Join Us - Wizlink\" \/>\n<meta property=\"og:description\" content=\"W celu usprawnienia procesu rejestracji, prosimy o podawanie jednoznacznych danych, w tym imienia, nazwiska i s\u0142u\u017cbowego adresu email. Pozwoli to nam na sprawniejsz\u0105 weryfikacj\u0119 nowych u\u017cytkownik\u00f3w. By registering, your email address will be added to our newsletter, which provides useful information about the Wizlink\u00ae platform, among which are news, training materials and information on industry [&hellip;]\" \/>\n<meta property=\"og:url\" content=\"https:\/\/robot.wizlink.eu\/en\/membership-join\/\" \/>\n<meta property=\"og:site_name\" content=\"Wizlink\" \/>\n<meta property=\"article:publisher\" content=\"https:\/\/www.facebook.com\/WizlinkRPA\/\" \/>\n<meta property=\"article:modified_time\" content=\"2025-01-09T10:38:38+00:00\" \/>\n<meta property=\"og:image\" content=\"https:\/\/robot.wizlink.eu\/wp-content\/uploads\/2020\/11\/Wizlink-logo_HQ-e1606896995265.png\" \/>\n\t<meta property=\"og:image:width\" content=\"1000\" \/>\n\t<meta property=\"og:image:height\" content=\"224\" \/>\n\t<meta property=\"og:image:type\" content=\"image\/png\" \/>\n<meta name=\"twitter:card\" content=\"summary_large_image\" \/>\n<meta name=\"twitter:label1\" content=\"Est. reading time\" \/>\n\t<meta name=\"twitter:data1\" content=\"1 minute\" \/>\n<script type=\"application\/ld+json\" class=\"yoast-schema-graph\">{\"@context\":\"https:\/\/schema.org\",\"@graph\":[{\"@type\":\"WebPage\",\"@id\":\"https:\/\/robot.wizlink.eu\/en\/membership-join\/\",\"url\":\"https:\/\/robot.wizlink.eu\/en\/membership-join\/\",\"name\":\"Join Us - Wizlink\",\"isPartOf\":{\"@id\":\"https:\/\/robot.wizlink.eu\/en\/#website\"},\"datePublished\":\"2019-05-16T07:14:24+00:00\",\"dateModified\":\"2025-01-09T10:38:38+00:00\",\"breadcrumb\":{\"@id\":\"https:\/\/robot.wizlink.eu\/en\/membership-join\/#breadcrumb\"},\"inLanguage\":\"en-US\",\"potentialAction\":[{\"@type\":\"ReadAction\",\"target\":[\"https:\/\/robot.wizlink.eu\/en\/membership-join\/\"]}]},{\"@type\":\"BreadcrumbList\",\"@id\":\"https:\/\/robot.wizlink.eu\/en\/membership-join\/#breadcrumb\",\"itemListElement\":[{\"@type\":\"ListItem\",\"position\":1,\"name\":\"Strona g\u0142\u00f3wna\",\"item\":\"https:\/\/robot.wizlink.eu\/en\/\"},{\"@type\":\"ListItem\",\"position\":2,\"name\":\"Join Us\"}]},{\"@type\":\"WebSite\",\"@id\":\"https:\/\/robot.wizlink.eu\/en\/#website\",\"url\":\"https:\/\/robot.wizlink.eu\/en\/\",\"name\":\"Wizlink\",\"description\":\"ROBOTIC PROCESS AUTOMATION\",\"publisher\":{\"@id\":\"https:\/\/robot.wizlink.eu\/en\/#organization\"},\"potentialAction\":[{\"@type\":\"SearchAction\",\"target\":{\"@type\":\"EntryPoint\",\"urlTemplate\":\"https:\/\/robot.wizlink.eu\/en\/?s={search_term_string}\"},\"query-input\":{\"@type\":\"PropertyValueSpecification\",\"valueRequired\":true,\"valueName\":\"search_term_string\"}}],\"inLanguage\":\"en-US\"},{\"@type\":\"Organization\",\"@id\":\"https:\/\/robot.wizlink.eu\/en\/#organization\",\"name\":\"Wizlink\",\"url\":\"https:\/\/robot.wizlink.eu\/en\/\",\"logo\":{\"@type\":\"ImageObject\",\"inLanguage\":\"en-US\",\"@id\":\"https:\/\/robot.wizlink.eu\/en\/#\/schema\/logo\/image\/\",\"url\":\"https:\/\/wizlink.eu\/wp-content\/uploads\/2020\/11\/Wizlink-logo_HQ-e1606896995265.png\",\"contentUrl\":\"https:\/\/wizlink.eu\/wp-content\/uploads\/2020\/11\/Wizlink-logo_HQ-e1606896995265.png\",\"width\":1000,\"height\":224,\"caption\":\"Wizlink\"},\"image\":{\"@id\":\"https:\/\/robot.wizlink.eu\/en\/#\/schema\/logo\/image\/\"},\"sameAs\":[\"https:\/\/www.facebook.com\/WizlinkRPA\/\",\"https:\/\/pl.linkedin.com\/company\/wizlink-rpa\",\"https:\/\/www.youtube.com\/channel\/UCj0iTEkIwo53S0MRxriPWjQ\/featured\"]}]}<\/script>\n<!-- \/ Yoast SEO plugin. -->","yoast_head_json":{"title":"Join Us - Wizlink","robots":{"index":"index","follow":"follow","max-snippet":"max-snippet:-1","max-image-preview":"max-image-preview:large","max-video-preview":"max-video-preview:-1"},"canonical":"https:\/\/robot.wizlink.eu\/en\/membership-join\/","og_locale":"en_US","og_type":"article","og_title":"Join Us - Wizlink","og_description":"W celu usprawnienia procesu rejestracji, prosimy o podawanie jednoznacznych danych, w tym imienia, nazwiska i s\u0142u\u017cbowego adresu email. Pozwoli to nam na sprawniejsz\u0105 weryfikacj\u0119 nowych u\u017cytkownik\u00f3w. By registering, your email address will be added to our newsletter, which provides useful information about the Wizlink\u00ae platform, among which are news, training materials and information on industry [&hellip;]","og_url":"https:\/\/robot.wizlink.eu\/en\/membership-join\/","og_site_name":"Wizlink","article_publisher":"https:\/\/www.facebook.com\/WizlinkRPA\/","article_modified_time":"2025-01-09T10:38:38+00:00","og_image":[{"width":1000,"height":224,"url":"https:\/\/robot.wizlink.eu\/wp-content\/uploads\/2020\/11\/Wizlink-logo_HQ-e1606896995265.png","type":"image\/png"}],"twitter_card":"summary_large_image","twitter_misc":{"Est. reading time":"1 minute"},"schema":{"@context":"https:\/\/schema.org","@graph":[{"@type":"WebPage","@id":"https:\/\/robot.wizlink.eu\/en\/membership-join\/","url":"https:\/\/robot.wizlink.eu\/en\/membership-join\/","name":"Join Us - Wizlink","isPartOf":{"@id":"https:\/\/robot.wizlink.eu\/en\/#website"},"datePublished":"2019-05-16T07:14:24+00:00","dateModified":"2025-01-09T10:38:38+00:00","breadcrumb":{"@id":"https:\/\/robot.wizlink.eu\/en\/membership-join\/#breadcrumb"},"inLanguage":"en-US","potentialAction":[{"@type":"ReadAction","target":["https:\/\/robot.wizlink.eu\/en\/membership-join\/"]}]},{"@type":"BreadcrumbList","@id":"https:\/\/robot.wizlink.eu\/en\/membership-join\/#breadcrumb","itemListElement":[{"@type":"ListItem","position":1,"name":"Strona g\u0142\u00f3wna","item":"https:\/\/robot.wizlink.eu\/en\/"},{"@type":"ListItem","position":2,"name":"Join Us"}]},{"@type":"WebSite","@id":"https:\/\/robot.wizlink.eu\/en\/#website","url":"https:\/\/robot.wizlink.eu\/en\/","name":"Wizlink","description":"ROBOTIC PROCESS AUTOMATION","publisher":{"@id":"https:\/\/robot.wizlink.eu\/en\/#organization"},"potentialAction":[{"@type":"SearchAction","target":{"@type":"EntryPoint","urlTemplate":"https:\/\/robot.wizlink.eu\/en\/?s={search_term_string}"},"query-input":{"@type":"PropertyValueSpecification","valueRequired":true,"valueName":"search_term_string"}}],"inLanguage":"en-US"},{"@type":"Organization","@id":"https:\/\/robot.wizlink.eu\/en\/#organization","name":"Wizlink","url":"https:\/\/robot.wizlink.eu\/en\/","logo":{"@type":"ImageObject","inLanguage":"en-US","@id":"https:\/\/robot.wizlink.eu\/en\/#\/schema\/logo\/image\/","url":"https:\/\/wizlink.eu\/wp-content\/uploads\/2020\/11\/Wizlink-logo_HQ-e1606896995265.png","contentUrl":"https:\/\/wizlink.eu\/wp-content\/uploads\/2020\/11\/Wizlink-logo_HQ-e1606896995265.png","width":1000,"height":224,"caption":"Wizlink"},"image":{"@id":"https:\/\/robot.wizlink.eu\/en\/#\/schema\/logo\/image\/"},"sameAs":["https:\/\/www.facebook.com\/WizlinkRPA\/","https:\/\/pl.linkedin.com\/company\/wizlink-rpa","https:\/\/www.youtube.com\/channel\/UCj0iTEkIwo53S0MRxriPWjQ\/featured"]}]}},"_links":{"self":[{"href":"https:\/\/robot.wizlink.eu\/en\/wp-json\/wp\/v2\/pages\/513","targetHints":{"allow":["GET"]}}],"collection":[{"href":"https:\/\/robot.wizlink.eu\/en\/wp-json\/wp\/v2\/pages"}],"about":[{"href":"https:\/\/robot.wizlink.eu\/en\/wp-json\/wp\/v2\/types\/page"}],"author":[{"embeddable":true,"href":"https:\/\/robot.wizlink.eu\/en\/wp-json\/wp\/v2\/users\/2"}],"replies":[{"embeddable":true,"href":"https:\/\/robot.wizlink.eu\/en\/wp-json\/wp\/v2\/comments?post=513"}],"version-history":[{"count":6,"href":"https:\/\/robot.wizlink.eu\/en\/wp-json\/wp\/v2\/pages\/513\/revisions"}],"predecessor-version":[{"id":7077,"href":"https:\/\/robot.wizlink.eu\/en\/wp-json\/wp\/v2\/pages\/513\/revisions\/7077"}],"wp:attachment":[{"href":"https:\/\/robot.wizlink.eu\/en\/wp-json\/wp\/v2\/media?parent=513"}],"curies":[{"name":"wp","href":"https:\/\/api.w.org\/{rel}","templated":true}]}}