{"id":598,"date":"2019-05-21T08:35:12","date_gmt":"2019-05-21T08:35:12","guid":{"rendered":"http:\/\/wizlink.eu\/?page_id=598"},"modified":"2020-01-31T12:42:30","modified_gmt":"2020-01-31T11:42:30","slug":"forum","status":"publish","type":"page","link":"https:\/\/robot.wizlink.eu\/en\/forum\/","title":{"rendered":"Forum"},"content":{"rendered":"\n<div id=\"bbpress-forums\" class=\"bbpress-wrapper\">\n\n\t\n\t<div class=\"bbp-search-form\">\n\t\t<form role=\"search\" method=\"get\" id=\"bbp-search-form\">\n\t\t\t<div>\n\t\t\t\t<label class=\"screen-reader-text hidden\" for=\"bbp_search\">Search for:<\/label>\n\t\t\t\t<input type=\"hidden\" name=\"action\" value=\"bbp-search-request\" \/>\n\t\t\t\t<input type=\"text\" value=\"\" name=\"bbp_search\" id=\"bbp_search\" \/>\n\t\t\t\t<input class=\"button\" type=\"submit\" id=\"bbp_search_submit\" value=\"Search\" \/>\n\t\t\t<\/div>\n\t\t<\/form>\n\t<\/div>\n\n\n\t<div class=\"bbp-breadcrumb\"><p><a href=\"https:\/\/robot.wizlink.eu\/en\/\" class=\"bbp-breadcrumb-home\">Home<\/a> <span class=\"bbp-breadcrumb-sep\">&rsaquo;<\/span> <span class=\"bbp-breadcrumb-current\">Forums<\/span><\/p><\/div>\n\t\n\t\n\t\n\t\t\n<ul id=\"forums-list-0\" class=\"bbp-forums\">\n\n\t<li class=\"bbp-header\">\n\n\t\t<ul class=\"forum-titles\">\n\t\t\t<li class=\"bbp-forum-info\">Forum<\/li>\n\t\t\t<li class=\"bbp-forum-topic-count\">Topics<\/li>\n\t\t\t<li class=\"bbp-forum-reply-count\">Posts<\/li>\n\t\t\t<li class=\"bbp-forum-freshness\">Last Post<\/li>\n\t\t<\/ul>\n\n\t<\/li><!-- .bbp-header -->\n\n\t<li class=\"bbp-body\">\n\n\t\t\n\t\t\t\n<ul id=\"bbp-forum-1147\" class=\"loop-item-0 bbp-forum-status-open bbp-forum-visibility-publish odd  bbp-has-subforums post-1147 forum type-forum status-publish hentry entry\">\n\t<li class=\"bbp-forum-info\">\n\n\t\t\n\t\t\n\t\t<a class=\"bbp-forum-title\" href=\"https:\/\/robot.wizlink.eu\/en\/forums\/forum\/aplikacje\/\">APLIKACJE<\/a>\n\n\t\t\n\t\t\n\t\t<div class=\"bbp-forum-content\">W tym miejscu znajduj\u0105 si\u0119 w\u0105tki zwi\u0105zane z robotyzacj\u0105 r\u00f3\u017cnych aplikacji\/aplikacji dziedzinowych.<\/div>\n\n\t\t\n\t\t\n\t\t<ul class=\"bbp-forums-list\"><li class=\"bbp-forum css-sep\"><a href=\"https:\/\/robot.wizlink.eu\/en\/forums\/forum\/aplikacje\/czytnik-pdf\/\" class=\"bbp-forum-link\">Czytnik PDF (1, 1)<\/a><\/li><li class=\"bbp-forum css-sep\"><a href=\"https:\/\/robot.wizlink.eu\/en\/forums\/forum\/aplikacje\/ms-excel\/\" class=\"bbp-forum-link\">MS Excel (9, 9)<\/a><\/li><\/ul>\n\t\t\n\t\t\n\t<\/li>\n\n\t<li class=\"bbp-forum-topic-count\">12<\/li>\n\n\t<li class=\"bbp-forum-reply-count\">23<\/li>\n\n\t<li class=\"bbp-forum-freshness\">\n\n\t\t\n\t\t<a href=\"https:\/\/robot.wizlink.eu\/en\/forums\/topic\/blad-przy-tworzeniu-nowego-pliku-excel\/#post-5948\" title=\"Reply To: B\u0142\u0105d przy tworzeniu nowego pliku Excel\">3 years, 10 months ago<\/a>\n\t\t\n\t\t<p class=\"bbp-topic-meta\">\n\n\t\t\t\n\t\t\t<span class=\"bbp-topic-freshness-author\"><a href=\"https:\/\/robot.wizlink.eu\/en\/forums\/users\/mwawiorko\/\" title=\"View mwawiorko&#039;s profile\" class=\"bbp-author-link\"><span  class=\"bbp-author-avatar\"><img alt='' src='https:\/\/secure.gravatar.com\/avatar\/92b847554446b94ce938349070e26bba?s=14&#038;d=mm&#038;r=g' srcset='https:\/\/secure.gravatar.com\/avatar\/92b847554446b94ce938349070e26bba?s=28&#038;d=mm&#038;r=g 2x' class='avatar avatar-14 photo' height='14' width='14' \/><\/span><span  class=\"bbp-author-name\">mwawiorko<\/span><\/a><\/span>\n\n\t\t\t\n\t\t<\/p>\n\t<\/li>\n<\/ul><!-- #bbp-forum-1147 -->\n\n\t\t\n\t\t\t\n<ul id=\"bbp-forum-1157\" class=\"loop-item-1 bbp-forum-status-open bbp-forum-visibility-publish even  bbp-has-subforums post-1157 forum type-forum status-publish hentry entry\">\n\t<li class=\"bbp-forum-info\">\n\n\t\t\n\t\t\n\t\t<a class=\"bbp-forum-title\" href=\"https:\/\/robot.wizlink.eu\/en\/forums\/forum\/operacje\/\">OPERACJE<\/a>\n\n\t\t\n\t\t\n\t\t<div class=\"bbp-forum-content\">W\u0105tki zawarte w tej grupie odnosz\u0105 si\u0119 do og\u00f3lnych oraz nietypowych zagadnie\u0144 u\u017cycia aktywno\u015bci z podzia\u0142em na typy aplikacji.<\/div>\n\n\t\t\n\t\t\n\t\t<ul class=\"bbp-forums-list\"><li class=\"bbp-forum css-sep\"><a href=\"https:\/\/robot.wizlink.eu\/en\/forums\/forum\/operacje\/desktop-windows\/\" class=\"bbp-forum-link\">Desktop\/Windows (5, 2)<\/a><\/li><li class=\"bbp-forum css-sep\"><a href=\"https:\/\/robot.wizlink.eu\/en\/forums\/forum\/operacje\/e-mail\/\" class=\"bbp-forum-link\">E-mail (2, 0)<\/a><\/li><li class=\"bbp-forum css-sep\"><a href=\"https:\/\/robot.wizlink.eu\/en\/forums\/forum\/operacje\/graficzne\/\" class=\"bbp-forum-link\">Graficzne (2, 0)<\/a><\/li><li class=\"bbp-forum css-sep\"><a href=\"https:\/\/robot.wizlink.eu\/en\/forums\/forum\/operacje\/web\/\" class=\"bbp-forum-link\">Web (4, 3)<\/a><\/li><\/ul>\n\t\t\n\t\t\n\t<\/li>\n\n\t<li class=\"bbp-forum-topic-count\">13<\/li>\n\n\t<li class=\"bbp-forum-reply-count\">18<\/li>\n\n\t<li class=\"bbp-forum-freshness\">\n\n\t\t\n\t\t<a href=\"https:\/\/robot.wizlink.eu\/en\/forums\/topic\/wyslanie-przycisku-cltr-oraz-z-przyciskow-numerycznych\/#post-5860\" title=\"Reply To: wys\u0142anie przycisku cltr oraz &#8220;+&#8221; (z przycisk\u00f3w numerycznych )\">4 years, 1 month ago<\/a>\n\t\t\n\t\t<p class=\"bbp-topic-meta\">\n\n\t\t\t\n\t\t\t<span class=\"bbp-topic-freshness-author\"><a href=\"https:\/\/robot.wizlink.eu\/en\/forums\/users\/mwawiorko\/\" title=\"View mwawiorko&#039;s profile\" class=\"bbp-author-link\"><span  class=\"bbp-author-avatar\"><img alt='' src='https:\/\/secure.gravatar.com\/avatar\/92b847554446b94ce938349070e26bba?s=14&#038;d=mm&#038;r=g' srcset='https:\/\/secure.gravatar.com\/avatar\/92b847554446b94ce938349070e26bba?s=28&#038;d=mm&#038;r=g 2x' class='avatar avatar-14 photo' height='14' width='14' \/><\/span><span  class=\"bbp-author-name\">mwawiorko<\/span><\/a><\/span>\n\n\t\t\t\n\t\t<\/p>\n\t<\/li>\n<\/ul><!-- #bbp-forum-1157 -->\n\n\t\t\n\t\t\t\n<ul id=\"bbp-forum-1161\" class=\"loop-item-2 bbp-forum-status-open bbp-forum-visibility-publish odd  bbp-has-subforums post-1161 forum type-forum status-publish hentry entry\">\n\t<li class=\"bbp-forum-info\">\n\n\t\t\n\t\t\n\t\t<a class=\"bbp-forum-title\" href=\"https:\/\/robot.wizlink.eu\/en\/forums\/forum\/techniczne\/\">TECHNICZNE<\/a>\n\n\t\t\n\t\t\n\t\t<div class=\"bbp-forum-content\">Grupa przeznaczona jest na tematy zwi\u0105zane ze technicznymi kwestiami zwi\u0105zanymi z oprogramowaniem: od aspekt\u00f3w licencji, przez utrzymanie robot\u00f3w po nietypowe zagadnienia techniczne.<\/div>\n\n\t\t\n\t\t\n\t\t<ul class=\"bbp-forums-list\"><li class=\"bbp-forum css-sep\"><a href=\"https:\/\/robot.wizlink.eu\/en\/forums\/forum\/techniczne\/dzialanie-robota\/\" class=\"bbp-forum-link\">Dzia\u0142anie robota (3, 1)<\/a><\/li><li class=\"bbp-forum css-sep\"><a href=\"https:\/\/robot.wizlink.eu\/en\/forums\/forum\/techniczne\/dzialanie-wizlink\/\" class=\"bbp-forum-link\">Dzia\u0142anie Wizlink (7, 2)<\/a><\/li><li class=\"bbp-forum css-sep\"><a href=\"https:\/\/robot.wizlink.eu\/en\/forums\/forum\/techniczne\/huntery\/\" class=\"bbp-forum-link\">Huntery (3, 1)<\/a><\/li><li class=\"bbp-forum css-sep\"><a href=\"https:\/\/robot.wizlink.eu\/en\/forums\/forum\/techniczne\/utrzymanie\/\" class=\"bbp-forum-link\">Utrzymanie robota (7, 0)<\/a><\/li><\/ul>\n\t\t\n\t\t\n\t<\/li>\n\n\t<li class=\"bbp-forum-topic-count\">23<\/li>\n\n\t<li class=\"bbp-forum-reply-count\">29<\/li>\n\n\t<li class=\"bbp-forum-freshness\">\n\n\t\t\n\t\t<a href=\"https:\/\/robot.wizlink.eu\/en\/forums\/topic\/wizlink-frozen\/#post-5952\" title=\"Reply To: Wizlink frozen\">3 years, 10 months ago<\/a>\n\t\t\n\t\t<p class=\"bbp-topic-meta\">\n\n\t\t\t\n\t\t\t<span class=\"bbp-topic-freshness-author\"><a href=\"https:\/\/robot.wizlink.eu\/en\/forums\/users\/michalowr\/\" title=\"View michalowr&#039;s profile\" class=\"bbp-author-link\"><span  class=\"bbp-author-avatar\"><img alt='' src='https:\/\/secure.gravatar.com\/avatar\/36cb2dfcb2d9d6990b029d78a04cc4e9?s=14&#038;d=mm&#038;r=g' srcset='https:\/\/secure.gravatar.com\/avatar\/36cb2dfcb2d9d6990b029d78a04cc4e9?s=28&#038;d=mm&#038;r=g 2x' class='avatar avatar-14 photo' height='14' width='14' \/><\/span><span  class=\"bbp-author-name\">michalowr<\/span><\/a><\/span>\n\n\t\t\t\n\t\t<\/p>\n\t<\/li>\n<\/ul><!-- #bbp-forum-1161 -->\n\n\t\t\n\t\t\t\n<ul id=\"bbp-forum-1171\" class=\"loop-item-3 bbp-forum-status-open bbp-forum-visibility-publish even  post-1171 forum type-forum status-publish hentry entry\">\n\t<li class=\"bbp-forum-info\">\n\n\t\t\n\t\t\n\t\t<a class=\"bbp-forum-title\" href=\"https:\/\/robot.wizlink.eu\/en\/forums\/forum\/tools\/\">TOOLS<\/a>\n\n\t\t\n\t\t\n\t\t<div class=\"bbp-forum-content\"><\/div>\n\n\t\t\n\t\t\n\t\t\n\t\t\n\t\t\n\t<\/li>\n\n\t<li class=\"bbp-forum-topic-count\">2<\/li>\n\n\t<li class=\"bbp-forum-reply-count\">4<\/li>\n\n\t<li class=\"bbp-forum-freshness\">\n\n\t\t\n\t\t<a href=\"https:\/\/robot.wizlink.eu\/en\/forums\/topic\/przesylanie-plikow-przez-sftp\/#post-5984\" title=\"Reply To: Przesy\u0142anie plik\u00f3w przez SFTP\">3 years, 7 months ago<\/a>\n\t\t\n\t\t<p class=\"bbp-topic-meta\">\n\n\t\t\t\n\t\t\t<span class=\"bbp-topic-freshness-author\"><a href=\"https:\/\/robot.wizlink.eu\/en\/forums\/users\/mwawiorko\/\" title=\"View mwawiorko&#039;s profile\" class=\"bbp-author-link\"><span  class=\"bbp-author-avatar\"><img alt='' src='https:\/\/secure.gravatar.com\/avatar\/92b847554446b94ce938349070e26bba?s=14&#038;d=mm&#038;r=g' srcset='https:\/\/secure.gravatar.com\/avatar\/92b847554446b94ce938349070e26bba?s=28&#038;d=mm&#038;r=g 2x' class='avatar avatar-14 photo' height='14' width='14' \/><\/span><span  class=\"bbp-author-name\">mwawiorko<\/span><\/a><\/span>\n\n\t\t\t\n\t\t<\/p>\n\t<\/li>\n<\/ul><!-- #bbp-forum-1171 -->\n\n\t\t\n\t\t\t\n<ul id=\"bbp-forum-1175\" class=\"loop-item-4 bbp-forum-status-open bbp-forum-visibility-publish odd  bbp-has-subforums post-1175 forum type-forum status-publish hentry entry\">\n\t<li class=\"bbp-forum-info\">\n\n\t\t\n\t\t\n\t\t<a class=\"bbp-forum-title\" href=\"https:\/\/robot.wizlink.eu\/en\/forums\/forum\/tworzenie-scenariusza\/\">TWORZENIE SCENARIUSZA<\/a>\n\n\t\t\n\t\t\n\t\t<div class=\"bbp-forum-content\">Dzia\u0142 zawiera przypadki, kt\u00f3re mo\u017ce napotka\u0107 Trener Robot\u00f3w podczas tworzenia scenariuszy. Posty zwi\u0105zane s\u0105 m.in. z dzia\u0142aniem flowchartu, zarz\u0105dzaniem zmiennymi, kontrolkami, aktywno\u015bciami.<\/div>\n\n\t\t\n\t\t\n\t\t<ul class=\"bbp-forums-list\"><li class=\"bbp-forum css-sep\"><a href=\"https:\/\/robot.wizlink.eu\/en\/forums\/forum\/tworzenie-scenariusza\/flowchart\/\" class=\"bbp-forum-link\">Flowchart (6, 1)<\/a><\/li><li class=\"bbp-forum css-sep\"><a href=\"https:\/\/robot.wizlink.eu\/en\/forums\/forum\/tworzenie-scenariusza\/zmienne\/\" class=\"bbp-forum-link\">Zmienne (3, 0)<\/a><\/li><\/ul>\n\t\t\n\t\t\n\t<\/li>\n\n\t<li class=\"bbp-forum-topic-count\">17<\/li>\n\n\t<li class=\"bbp-forum-reply-count\">32<\/li>\n\n\t<li class=\"bbp-forum-freshness\">\n\n\t\t\n\t\t<a href=\"https:\/\/robot.wizlink.eu\/en\/forums\/topic\/zmienna-do-alternatywnego-scenariusza\/#post-5993\" title=\"Reply To: Zmienna do alternatywnego scenariusza\">3 years, 7 months ago<\/a>\n\t\t\n\t\t<p class=\"bbp-topic-meta\">\n\n\t\t\t\n\t\t\t<span class=\"bbp-topic-freshness-author\"><a href=\"https:\/\/robot.wizlink.eu\/en\/forums\/users\/mwawiorko\/\" title=\"View mwawiorko&#039;s profile\" class=\"bbp-author-link\"><span  class=\"bbp-author-avatar\"><img alt='' src='https:\/\/secure.gravatar.com\/avatar\/92b847554446b94ce938349070e26bba?s=14&#038;d=mm&#038;r=g' srcset='https:\/\/secure.gravatar.com\/avatar\/92b847554446b94ce938349070e26bba?s=28&#038;d=mm&#038;r=g 2x' class='avatar avatar-14 photo' height='14' width='14' \/><\/span><span  class=\"bbp-author-name\">mwawiorko<\/span><\/a><\/span>\n\n\t\t\t\n\t\t<\/p>\n\t<\/li>\n<\/ul><!-- #bbp-forum-1175 -->\n\n\t\t\n\t\t\t\n<ul id=\"bbp-forum-6127\" class=\"loop-item-5 bbp-forum-status-open bbp-forum-visibility-publish even  post-6127 forum type-forum status-publish hentry entry\">\n\t<li class=\"bbp-forum-info\">\n\n\t\t\n\t\t\n\t\t<a class=\"bbp-forum-title\" href=\"https:\/\/robot.wizlink.eu\/en\/forums\/forum\/wizlink-2-0-wprowadzenie\/\">Wizlink 2.x &#8211; Wprowadzenie<\/a>\n\n\t\t\n\t\t\n\t\t<div class=\"bbp-forum-content\"><\/div>\n\n\t\t\n\t\t\n\t\t\n\t\t\n\t\t\n\t<\/li>\n\n\t<li class=\"bbp-forum-topic-count\">1<\/li>\n\n\t<li class=\"bbp-forum-reply-count\">2<\/li>\n\n\t<li class=\"bbp-forum-freshness\">\n\n\t\t\n\t\t<a href=\"https:\/\/robot.wizlink.eu\/en\/forums\/topic\/zamkniecie-wizlink-2-x-przez-konsole\/#post-6332\" title=\"Reply To: Zamkni\u0119cie Wizlink 2.x przez konsole\">2 years, 10 months ago<\/a>\n\t\t\n\t\t<p class=\"bbp-topic-meta\">\n\n\t\t\t\n\t\t\t<span class=\"bbp-topic-freshness-author\"><a href=\"https:\/\/robot.wizlink.eu\/en\/forums\/users\/mwawiorko\/\" title=\"View mwawiorko&#039;s profile\" class=\"bbp-author-link\"><span  class=\"bbp-author-avatar\"><img alt='' src='https:\/\/secure.gravatar.com\/avatar\/92b847554446b94ce938349070e26bba?s=14&#038;d=mm&#038;r=g' srcset='https:\/\/secure.gravatar.com\/avatar\/92b847554446b94ce938349070e26bba?s=28&#038;d=mm&#038;r=g 2x' class='avatar avatar-14 photo' height='14' width='14' \/><\/span><span  class=\"bbp-author-name\">mwawiorko<\/span><\/a><\/span>\n\n\t\t\t\n\t\t<\/p>\n\t<\/li>\n<\/ul><!-- #bbp-forum-6127 -->\n\n\t\t\n\t\t\t\n<ul id=\"bbp-forum-1990\" class=\"loop-item-6 bbp-forum-status-open bbp-forum-visibility-publish odd  post-1990 forum type-forum status-publish hentry entry\">\n\t<li class=\"bbp-forum-info\">\n\n\t\t\n\t\t\n\t\t<a class=\"bbp-forum-title\" href=\"https:\/\/robot.wizlink.eu\/en\/forums\/forum\/twoje-roboty\/\">TWOJE ROBOTY<\/a>\n\n\t\t\n\t\t\n\t\t<div class=\"bbp-forum-content\"><table>\r\n<tbody>\r\n<tr>\r\n<td><img loading=\"lazy\" decoding=\"async\" class=\"alignnone wp-image-1849 \" src=\"https:\/\/robot.wizlink.eu\/wp-content\/uploads\/2020\/02\/b.png\" alt=\"\" width=\"86\" height=\"93\" \/><\/td>\r\n<td style=\"text-align: left;\">Tutaj mo\u017cesz podzieli\u0107 si\u0119 z innymi swoimi pomys\u0142ami i rozwi\u0105zaniami zwi\u0105zanymi z tworzeniem robot\u00f3w.<\/td>\r\n<\/tr>\r\n<\/tbody>\r\n<\/table><\/div>\n\n\t\t\n\t\t\n\t\t\n\t\t\n\t\t\n\t<\/li>\n\n\t<li class=\"bbp-forum-topic-count\">0<\/li>\n\n\t<li class=\"bbp-forum-reply-count\">0<\/li>\n\n\t<li class=\"bbp-forum-freshness\">\n\n\t\t\n\t\tNo Topics\n\t\t\n\t\t<p class=\"bbp-topic-meta\">\n\n\t\t\t\n\t\t\t<span class=\"bbp-topic-freshness-author\"><\/span>\n\n\t\t\t\n\t\t<\/p>\n\t<\/li>\n<\/ul><!-- #bbp-forum-1990 -->\n\n\t\t\n\t<\/li><!-- .bbp-body -->\n\n\t<li class=\"bbp-footer\">\n\n\t\t<div class=\"tr\">\n\t\t\t<p class=\"td colspan4\">&nbsp;<\/p>\n\t\t<\/div><!-- .tr -->\n\n\t<\/li><!-- .bbp-footer -->\n\n<\/ul><!-- .forums-directory -->\n\n\n\t\n\t\n<\/div>\n\n","protected":false},"excerpt":{"rendered":"","protected":false},"author":2,"featured_media":0,"parent":0,"menu_order":0,"comment_status":"closed","ping_status":"closed","template":"","meta":{"_bbp_topic_count":0,"_bbp_reply_count":0,"_bbp_total_topic_count":0,"_bbp_total_reply_count":0,"_bbp_voice_count":0,"_bbp_anonymous_reply_count":0,"_bbp_topic_count_hidden":0,"_bbp_reply_count_hidden":0,"_bbp_forum_subforum_count":0,"footnotes":""},"class_list":["post-598","page","type-page","status-publish","hentry","entry"],"yoast_head":"<!-- This site is optimized with the Yoast SEO plugin v24.1 - https:\/\/yoast.com\/wordpress\/plugins\/seo\/ -->\n<title>Forum - Wizlink<\/title>\n<meta name=\"robots\" content=\"index, follow, max-snippet:-1, max-image-preview:large, max-video-preview:-1\" \/>\n<link rel=\"canonical\" href=\"https:\/\/robot.wizlink.eu\/en\/forum\/\" \/>\n<meta property=\"og:locale\" content=\"en_US\" \/>\n<meta property=\"og:type\" content=\"article\" \/>\n<meta property=\"og:title\" content=\"Forum - Wizlink\" \/>\n<meta property=\"og:url\" content=\"https:\/\/robot.wizlink.eu\/en\/forum\/\" \/>\n<meta property=\"og:site_name\" content=\"Wizlink\" \/>\n<meta property=\"article:publisher\" content=\"https:\/\/www.facebook.com\/WizlinkRPA\/\" \/>\n<meta property=\"article:modified_time\" content=\"2020-01-31T11:42:30+00:00\" \/>\n<meta property=\"og:image\" content=\"https:\/\/robot.wizlink.eu\/wp-content\/uploads\/2020\/11\/Wizlink-logo_HQ-e1606896995265.png\" \/>\n\t<meta property=\"og:image:width\" content=\"1000\" \/>\n\t<meta property=\"og:image:height\" content=\"224\" \/>\n\t<meta property=\"og:image:type\" content=\"image\/png\" \/>\n<meta name=\"twitter:card\" content=\"summary_large_image\" \/>\n<script type=\"application\/ld+json\" class=\"yoast-schema-graph\">{\"@context\":\"https:\/\/schema.org\",\"@graph\":[{\"@type\":\"WebPage\",\"@id\":\"https:\/\/robot.wizlink.eu\/en\/forum\/\",\"url\":\"https:\/\/robot.wizlink.eu\/en\/forum\/\",\"name\":\"Forum - Wizlink\",\"isPartOf\":{\"@id\":\"https:\/\/robot.wizlink.eu\/en\/#website\"},\"datePublished\":\"2019-05-21T08:35:12+00:00\",\"dateModified\":\"2020-01-31T11:42:30+00:00\",\"breadcrumb\":{\"@id\":\"https:\/\/robot.wizlink.eu\/en\/forum\/#breadcrumb\"},\"inLanguage\":\"en-US\",\"potentialAction\":[{\"@type\":\"ReadAction\",\"target\":[\"https:\/\/robot.wizlink.eu\/en\/forum\/\"]}]},{\"@type\":\"BreadcrumbList\",\"@id\":\"https:\/\/robot.wizlink.eu\/en\/forum\/#breadcrumb\",\"itemListElement\":[{\"@type\":\"ListItem\",\"position\":1,\"name\":\"Strona g\u0142\u00f3wna\",\"item\":\"https:\/\/robot.wizlink.eu\/en\/\"},{\"@type\":\"ListItem\",\"position\":2,\"name\":\"Forum\"}]},{\"@type\":\"WebSite\",\"@id\":\"https:\/\/robot.wizlink.eu\/en\/#website\",\"url\":\"https:\/\/robot.wizlink.eu\/en\/\",\"name\":\"Wizlink\",\"description\":\"ROBOTIC PROCESS AUTOMATION\",\"publisher\":{\"@id\":\"https:\/\/robot.wizlink.eu\/en\/#organization\"},\"potentialAction\":[{\"@type\":\"SearchAction\",\"target\":{\"@type\":\"EntryPoint\",\"urlTemplate\":\"https:\/\/robot.wizlink.eu\/en\/?s={search_term_string}\"},\"query-input\":{\"@type\":\"PropertyValueSpecification\",\"valueRequired\":true,\"valueName\":\"search_term_string\"}}],\"inLanguage\":\"en-US\"},{\"@type\":\"Organization\",\"@id\":\"https:\/\/robot.wizlink.eu\/en\/#organization\",\"name\":\"Wizlink\",\"url\":\"https:\/\/robot.wizlink.eu\/en\/\",\"logo\":{\"@type\":\"ImageObject\",\"inLanguage\":\"en-US\",\"@id\":\"https:\/\/robot.wizlink.eu\/en\/#\/schema\/logo\/image\/\",\"url\":\"https:\/\/wizlink.eu\/wp-content\/uploads\/2020\/11\/Wizlink-logo_HQ-e1606896995265.png\",\"contentUrl\":\"https:\/\/wizlink.eu\/wp-content\/uploads\/2020\/11\/Wizlink-logo_HQ-e1606896995265.png\",\"width\":1000,\"height\":224,\"caption\":\"Wizlink\"},\"image\":{\"@id\":\"https:\/\/robot.wizlink.eu\/en\/#\/schema\/logo\/image\/\"},\"sameAs\":[\"https:\/\/www.facebook.com\/WizlinkRPA\/\",\"https:\/\/pl.linkedin.com\/company\/wizlink-rpa\",\"https:\/\/www.youtube.com\/channel\/UCj0iTEkIwo53S0MRxriPWjQ\/featured\"]}]}<\/script>\n<!-- \/ Yoast SEO plugin. -->","yoast_head_json":{"title":"Forum - Wizlink","robots":{"index":"index","follow":"follow","max-snippet":"max-snippet:-1","max-image-preview":"max-image-preview:large","max-video-preview":"max-video-preview:-1"},"canonical":"https:\/\/robot.wizlink.eu\/en\/forum\/","og_locale":"en_US","og_type":"article","og_title":"Forum - Wizlink","og_url":"https:\/\/robot.wizlink.eu\/en\/forum\/","og_site_name":"Wizlink","article_publisher":"https:\/\/www.facebook.com\/WizlinkRPA\/","article_modified_time":"2020-01-31T11:42:30+00:00","og_image":[{"width":1000,"height":224,"url":"https:\/\/robot.wizlink.eu\/wp-content\/uploads\/2020\/11\/Wizlink-logo_HQ-e1606896995265.png","type":"image\/png"}],"twitter_card":"summary_large_image","schema":{"@context":"https:\/\/schema.org","@graph":[{"@type":"WebPage","@id":"https:\/\/robot.wizlink.eu\/en\/forum\/","url":"https:\/\/robot.wizlink.eu\/en\/forum\/","name":"Forum - Wizlink","isPartOf":{"@id":"https:\/\/robot.wizlink.eu\/en\/#website"},"datePublished":"2019-05-21T08:35:12+00:00","dateModified":"2020-01-31T11:42:30+00:00","breadcrumb":{"@id":"https:\/\/robot.wizlink.eu\/en\/forum\/#breadcrumb"},"inLanguage":"en-US","potentialAction":[{"@type":"ReadAction","target":["https:\/\/robot.wizlink.eu\/en\/forum\/"]}]},{"@type":"BreadcrumbList","@id":"https:\/\/robot.wizlink.eu\/en\/forum\/#breadcrumb","itemListElement":[{"@type":"ListItem","position":1,"name":"Strona g\u0142\u00f3wna","item":"https:\/\/robot.wizlink.eu\/en\/"},{"@type":"ListItem","position":2,"name":"Forum"}]},{"@type":"WebSite","@id":"https:\/\/robot.wizlink.eu\/en\/#website","url":"https:\/\/robot.wizlink.eu\/en\/","name":"Wizlink","description":"ROBOTIC PROCESS AUTOMATION","publisher":{"@id":"https:\/\/robot.wizlink.eu\/en\/#organization"},"potentialAction":[{"@type":"SearchAction","target":{"@type":"EntryPoint","urlTemplate":"https:\/\/robot.wizlink.eu\/en\/?s={search_term_string}"},"query-input":{"@type":"PropertyValueSpecification","valueRequired":true,"valueName":"search_term_string"}}],"inLanguage":"en-US"},{"@type":"Organization","@id":"https:\/\/robot.wizlink.eu\/en\/#organization","name":"Wizlink","url":"https:\/\/robot.wizlink.eu\/en\/","logo":{"@type":"ImageObject","inLanguage":"en-US","@id":"https:\/\/robot.wizlink.eu\/en\/#\/schema\/logo\/image\/","url":"https:\/\/wizlink.eu\/wp-content\/uploads\/2020\/11\/Wizlink-logo_HQ-e1606896995265.png","contentUrl":"https:\/\/wizlink.eu\/wp-content\/uploads\/2020\/11\/Wizlink-logo_HQ-e1606896995265.png","width":1000,"height":224,"caption":"Wizlink"},"image":{"@id":"https:\/\/robot.wizlink.eu\/en\/#\/schema\/logo\/image\/"},"sameAs":["https:\/\/www.facebook.com\/WizlinkRPA\/","https:\/\/pl.linkedin.com\/company\/wizlink-rpa","https:\/\/www.youtube.com\/channel\/UCj0iTEkIwo53S0MRxriPWjQ\/featured"]}]}},"_links":{"self":[{"href":"https:\/\/robot.wizlink.eu\/en\/wp-json\/wp\/v2\/pages\/598","targetHints":{"allow":["GET"]}}],"collection":[{"href":"https:\/\/robot.wizlink.eu\/en\/wp-json\/wp\/v2\/pages"}],"about":[{"href":"https:\/\/robot.wizlink.eu\/en\/wp-json\/wp\/v2\/types\/page"}],"author":[{"embeddable":true,"href":"https:\/\/robot.wizlink.eu\/en\/wp-json\/wp\/v2\/users\/2"}],"replies":[{"embeddable":true,"href":"https:\/\/robot.wizlink.eu\/en\/wp-json\/wp\/v2\/comments?post=598"}],"version-history":[{"count":0,"href":"https:\/\/robot.wizlink.eu\/en\/wp-json\/wp\/v2\/pages\/598\/revisions"}],"wp:attachment":[{"href":"https:\/\/robot.wizlink.eu\/en\/wp-json\/wp\/v2\/media?parent=598"}],"curies":[{"name":"wp","href":"https:\/\/api.w.org\/{rel}","templated":true}]}}